{"id":7815,"date":"2019-05-17T07:13:09","date_gmt":"2019-05-17T07:13:09","guid":{"rendered":"https:\/\/xn--kobbelvnget-g9a.dk\/how-to-rent-a-home\/"},"modified":"2024-11-25T09:33:45","modified_gmt":"2024-11-25T09:33:45","slug":"how-to-rent-a-home","status":"publish","type":"page","link":"https:\/\/xn--kobbelvnget-g9a.dk\/en\/how-to-rent-a-home\/","title":{"rendered":"How to rent a home"},"content":{"rendered":"\t\t<div data-elementor-type=\"wp-post\" data-elementor-id=\"7815\" class=\"elementor elementor-7815 elementor-2965\" data-elementor-post-type=\"page\">\n\t\t\t\t<div class=\"elementor-element elementor-element-fded685 e-flex e-con-boxed e-con e-parent\" data-id=\"fded685\" data-element_type=\"container\" data-e-type=\"container\" data-settings=\"{&quot;background_background&quot;:&quot;classic&quot;}\">\n\t\t\t\t\t<div class=\"e-con-inner\">\n\t\t<div class=\"elementor-element elementor-element-90e2133 e-con-full e-flex e-con e-child\" data-id=\"90e2133\" data-element_type=\"container\" data-e-type=\"container\">\n\t\t\t\t<div class=\"elementor-element elementor-element-d23dc17 elementor-widget elementor-widget-heading\" data-id=\"d23dc17\" data-element_type=\"widget\" data-e-type=\"widget\" data-widget_type=\"heading.default\">\n\t\t\t\t<div class=\"elementor-widget-container\">\n\t\t\t\t\t<h2 class=\"elementor-heading-title elementor-size-default\">How to rent a home<\/h2>\t\t\t\t<\/div>\n\t\t\t\t<\/div>\n\t\t\t\t<div class=\"elementor-element elementor-element-d4d72f2 elementor-widget elementor-widget-text-editor\" data-id=\"d4d72f2\" data-element_type=\"widget\" data-e-type=\"widget\" data-widget_type=\"text-editor.default\">\n\t\t\t\t<div class=\"elementor-widget-container\">\n\t\t\t\t\t\t\t\t\t<p>If you would like a presentation of the available apartments on Kobbelv\u00e6nget, you are very welcome to contact home today:<\/p>\n\t\t\t\t\t\t\t\t<\/div>\n\t\t\t\t<\/div>\n\t\t\t\t<div class=\"elementor-element elementor-element-7d3a1cf elementor-widget elementor-widget-heading\" data-id=\"7d3a1cf\" data-element_type=\"widget\" data-e-type=\"widget\" data-widget_type=\"heading.default\">\n\t\t\t\t<div class=\"elementor-widget-container\">\n\t\t\t\t\t<h4 class=\"elementor-heading-title elementor-size-default\">Home Sydhavnen &amp; Projektsalg<\/h4>\t\t\t\t<\/div>\n\t\t\t\t<\/div>\n\t\t\t\t<div class=\"elementor-element elementor-element-585dc5e elementor-position-inline-start elementor-view-default elementor-mobile-position-block-start elementor-widget elementor-widget-icon-box\" data-id=\"585dc5e\" data-element_type=\"widget\" data-e-type=\"widget\" data-widget_type=\"icon-box.default\">\n\t\t\t\t<div class=\"elementor-widget-container\">\n\t\t\t\t\t\t\t<div class=\"elementor-icon-box-wrapper\">\n\n\t\t\t\t\t\t<div class=\"elementor-icon-box-icon\">\n\t\t\t\t<a href=\"mailto:projekt.teglholmen@home.dk\" class=\"elementor-icon\" tabindex=\"-1\" aria-label=\"projekt.teglholmen@home.dk\">\n\t\t\t\t<i aria-hidden=\"true\" class=\"fas fa-envelope\"><\/i>\t\t\t\t<\/a>\n\t\t\t<\/div>\n\t\t\t\n\t\t\t\t\t\t<div class=\"elementor-icon-box-content\">\n\n\t\t\t\t\t\t\t\t\t<h3 class=\"elementor-icon-box-title\">\n\t\t\t\t\t\t<a href=\"mailto:projekt.teglholmen@home.dk\" >\n\t\t\t\t\t\t\tprojekt.teglholmen@home.dk\t\t\t\t\t\t<\/a>\n\t\t\t\t\t<\/h3>\n\t\t\t\t\n\t\t\t\t\n\t\t\t<\/div>\n\t\t\t\n\t\t<\/div>\n\t\t\t\t\t\t<\/div>\n\t\t\t\t<\/div>\n\t\t\t\t<div class=\"elementor-element elementor-element-803c5b8 elementor-position-inline-start elementor-view-default elementor-mobile-position-block-start elementor-widget elementor-widget-icon-box\" data-id=\"803c5b8\" data-element_type=\"widget\" data-e-type=\"widget\" data-widget_type=\"icon-box.default\">\n\t\t\t\t<div class=\"elementor-widget-container\">\n\t\t\t\t\t\t\t<div class=\"elementor-icon-box-wrapper\">\n\n\t\t\t\t\t\t<div class=\"elementor-icon-box-icon\">\n\t\t\t\t<a href=\"tel:+45%2033%2033%2003%2005\" class=\"elementor-icon\" tabindex=\"-1\" aria-label=\"+45 33 33 03 05\">\n\t\t\t\t<i aria-hidden=\"true\" class=\"fas fa-phone\"><\/i>\t\t\t\t<\/a>\n\t\t\t<\/div>\n\t\t\t\n\t\t\t\t\t\t<div class=\"elementor-icon-box-content\">\n\n\t\t\t\t\t\t\t\t\t<h3 class=\"elementor-icon-box-title\">\n\t\t\t\t\t\t<a href=\"tel:+45%2033%2033%2003%2005\" >\n\t\t\t\t\t\t\t+45 33 33 03 05\t\t\t\t\t\t<\/a>\n\t\t\t\t\t<\/h3>\n\t\t\t\t\n\t\t\t\t\n\t\t\t<\/div>\n\t\t\t\n\t\t<\/div>\n\t\t\t\t\t\t<\/div>\n\t\t\t\t<\/div>\n\t\t\t\t<div class=\"elementor-element elementor-element-fef8eec animated-fast elementor-widget-divider--view-line elementor-invisible elementor-widget elementor-widget-divider\" data-id=\"fef8eec\" data-element_type=\"widget\" data-e-type=\"widget\" data-settings=\"{&quot;_animation&quot;:&quot;opal-scale-up&quot;}\" data-widget_type=\"divider.default\">\n\t\t\t\t<div class=\"elementor-widget-container\">\n\t\t\t\t\t\t\t<div class=\"elementor-divider\">\n\t\t\t<span class=\"elementor-divider-separator\">\n\t\t\t\t\t\t<\/span>\n\t\t<\/div>\n\t\t\t\t\t\t<\/div>\n\t\t\t\t<\/div>\n\t\t\t\t<\/div>\n\t\t<div class=\"elementor-element elementor-element-17a814d e-con-full e-flex e-con e-child\" data-id=\"17a814d\" data-element_type=\"container\" data-e-type=\"container\">\n\t\t\t\t<div class=\"elementor-element elementor-element-4745cb5 elementor-widget elementor-widget-heading\" data-id=\"4745cb5\" data-element_type=\"widget\" data-e-type=\"widget\" data-widget_type=\"heading.default\">\n\t\t\t\t<div class=\"elementor-widget-container\">\n\t\t\t\t\t<h2 class=\"elementor-heading-title elementor-size-default\">Important to know!<\/h2>\t\t\t\t<\/div>\n\t\t\t\t<\/div>\n\t\t\t\t<div class=\"elementor-element elementor-element-bb6e2fd elementor-widget elementor-widget-text-editor\" data-id=\"bb6e2fd\" data-element_type=\"widget\" data-e-type=\"widget\" data-widget_type=\"text-editor.default\">\n\t\t\t\t<div class=\"elementor-widget-container\">\n\t\t\t\t\t\t\t\t\t<p>Deposit consists of 3 months\u2019 deposit and 1 month\u2019s prepaid rent.<br>A smaller dog or cat is allowed with separate permission.<\/p>\t\t\t\t\t\t\t\t<\/div>\n\t\t\t\t<\/div>\n\t\t\t\t<div class=\"elementor-element elementor-element-b1ebee9 elementor-widget elementor-widget-spacer\" data-id=\"b1ebee9\" data-element_type=\"widget\" data-e-type=\"widget\" data-widget_type=\"spacer.default\">\n\t\t\t\t<div class=\"elementor-widget-container\">\n\t\t\t\t\t\t\t<div class=\"elementor-spacer\">\n\t\t\t<div class=\"elementor-spacer-inner\"><\/div>\n\t\t<\/div>\n\t\t\t\t\t\t<\/div>\n\t\t\t\t<\/div>\n\t\t\t\t<div class=\"elementor-element elementor-element-bb769d6 elementor-align-left elementor-widget elementor-widget-button\" data-id=\"bb769d6\" data-element_type=\"widget\" data-e-type=\"widget\" data-widget_type=\"button.default\">\n\t\t\t\t<div class=\"elementor-widget-container\">\n\t\t\t\t\t\t\t\t\t<div class=\"elementor-button-wrapper\">\n\t\t\t\t\t<a class=\"elementor-button elementor-button-link elementor-size-xl\" href=\"https:\/\/xn--kobbelvnget-g9a.dk\/en\/floor-plans\/\">\n\t\t\t\t\t\t<span class=\"elementor-button-content-wrapper\">\n\t\t\t\t\t\t<span class=\"elementor-button-icon\">\n\t\t\t\t<i aria-hidden=\"true\" class=\"fas fa-file\"><\/i>\t\t\t<\/span>\n\t\t\t\t\t\t\t\t\t<span class=\"elementor-button-text\">Floor Plans<\/span>\n\t\t\t\t\t<\/span>\n\t\t\t\t\t<\/a>\n\t\t\t\t<\/div>\n\t\t\t\t\t\t\t\t<\/div>\n\t\t\t\t<\/div>\n\t\t\t\t<div class=\"elementor-element elementor-element-25946e5 elementor-align-left elementor-widget elementor-widget-button\" data-id=\"25946e5\" data-element_type=\"widget\" data-e-type=\"widget\" data-widget_type=\"button.default\">\n\t\t\t\t<div class=\"elementor-widget-container\">\n\t\t\t\t\t\t\t\t\t<div class=\"elementor-button-wrapper\">\n\t\t\t\t\t<a class=\"elementor-button elementor-button-link elementor-size-xl\" href=\"https:\/\/xn--kobbelvnget-g9a.dk\/en\/brochure\/\">\n\t\t\t\t\t\t<span class=\"elementor-button-content-wrapper\">\n\t\t\t\t\t\t<span class=\"elementor-button-icon\">\n\t\t\t\t\t\t\t\t\t<i class=\"fa fa-book\" aria-hidden=\"true\"><\/i>\n\t\t\t\t\t\t\t<\/span>\n\t\t\t\t\t\t\t\t\t<span class=\"elementor-button-text\">Brochure<\/span>\n\t\t\t\t\t<\/span>\n\t\t\t\t\t<\/a>\n\t\t\t\t<\/div>\n\t\t\t\t\t\t\t\t<\/div>\n\t\t\t\t<\/div>\n\t\t\t\t<div class=\"elementor-element elementor-element-23e6e17 elementor-button-outline_secondary elementor-align-left elementor-widget elementor-widget-button\" data-id=\"23e6e17\" data-element_type=\"widget\" data-e-type=\"widget\" data-widget_type=\"button.default\">\n\t\t\t\t<div class=\"elementor-widget-container\">\n\t\t\t\t\t\t\t\t\t<div class=\"elementor-button-wrapper\">\n\t\t\t\t\t<a class=\"elementor-button elementor-button-link elementor-size-xl\" href=\"https:\/\/xn--kobbelvnget-g9a.dk\/en\/rental-prices\/\">\n\t\t\t\t\t\t<span class=\"elementor-button-content-wrapper\">\n\t\t\t\t\t\t\t\t\t<span class=\"elementor-button-text\">See prices and floor plans<\/span>\n\t\t\t\t\t<\/span>\n\t\t\t\t\t<\/a>\n\t\t\t\t<\/div>\n\t\t\t\t\t\t\t\t<\/div>\n\t\t\t\t<\/div>\n\t\t\t\t<div class=\"elementor-element elementor-element-534d50a elementor-button-outline_secondary elementor-align-left elementor-widget elementor-widget-button\" data-id=\"534d50a\" data-element_type=\"widget\" data-e-type=\"widget\" data-widget_type=\"button.default\">\n\t\t\t\t<div class=\"elementor-widget-container\">\n\t\t\t\t\t\t\t\t\t<div class=\"elementor-button-wrapper\">\n\t\t\t\t\t<a class=\"elementor-button elementor-button-link elementor-size-xl\" href=\"https:\/\/xn--kobbelvnget-g9a.dk\/en\/faq\/\">\n\t\t\t\t\t\t<span class=\"elementor-button-content-wrapper\">\n\t\t\t\t\t\t\t\t\t<span class=\"elementor-button-text\">Frequently asked questions<\/span>\n\t\t\t\t\t<\/span>\n\t\t\t\t\t<\/a>\n\t\t\t\t<\/div>\n\t\t\t\t\t\t\t\t<\/div>\n\t\t\t\t<\/div>\n\t\t\t\t<\/div>\n\t\t\t\t\t<\/div>\n\t\t\t\t<\/div>\n\t\t\t\t<section class=\"elementor-section elementor-top-section elementor-element elementor-element-962749e elementor-section-stretched elementor-section-boxed elementor-section-height-default elementor-section-height-default\" data-id=\"962749e\" data-element_type=\"section\" data-e-type=\"section\" data-settings=\"{&quot;stretch_section&quot;:&quot;section-stretched&quot;,&quot;background_background&quot;:&quot;classic&quot;}\">\n\t\t\t\t\t\t<div class=\"elementor-container elementor-column-gap-no\">\n\t\t\t\t\t<div class=\"elementor-column elementor-col-100 elementor-top-column elementor-element elementor-element-6710597\" data-id=\"6710597\" data-element_type=\"column\" data-e-type=\"column\">\n\t\t\t<div class=\"elementor-widget-wrap elementor-element-populated\">\n\t\t\t\t\t\t<div class=\"elementor-element elementor-element-2278f55 elementor-widget elementor-widget-google_maps\" data-id=\"2278f55\" data-element_type=\"widget\" data-e-type=\"widget\" data-widget_type=\"google_maps.default\">\n\t\t\t\t<div class=\"elementor-widget-container\">\n\t\t\t\t\t\t\t<div class=\"elementor-custom-embed\">\n\t\t\t<iframe loading=\"lazy\"\n\t\t\t\t\tsrc=\"https:\/\/maps.google.com\/maps?q=Kobbelv%C3%A6nget%2072%20C%2C%202700%20K%C3%B8benhavn%2C&#038;t=m&#038;z=14&#038;output=embed&#038;iwloc=near\"\n\t\t\t\t\ttitle=\"Kobbelv\u00e6nget 72 C, 2700 K\u00f8benhavn,\"\n\t\t\t\t\taria-label=\"Kobbelv\u00e6nget 72 C, 2700 K\u00f8benhavn,\"\n\t\t\t><\/iframe>\n\t\t<\/div>\n\t\t\t\t\t\t<\/div>\n\t\t\t\t<\/div>\n\t\t\t\t\t<\/div>\n\t\t<\/div>\n\t\t\t\t\t<\/div>\n\t\t<\/section>\n\t\t\t\t<\/div>\n\t\t","protected":false},"excerpt":{"rendered":"<p>How to rent a home If you would like a presentation of the available apartments on Kobbelv\u00e6nget, you are very welcome to contact home today: Home Sydhavnen &amp; Projektsalg projekt.teglholmen@home.dk +45 33 33 03 05 Important to know! Deposit consists of 3 months\u2019 deposit and 1 month\u2019s prepaid rent.A smaller dog or cat is allowed [&hellip;]<\/p>\n","protected":false},"author":6,"featured_media":0,"parent":0,"menu_order":0,"comment_status":"closed","ping_status":"closed","template":"","meta":{"inline_featured_image":false,"footnotes":""},"class_list":["post-7815","page","type-page","status-publish","hentry"],"yoast_head":"<!-- This site is optimized with the Yoast SEO plugin v27.4 - https:\/\/yoast.com\/product\/yoast-seo-wordpress\/ -->\n<title>How to rent a home - Kobbelv\u00e6nget<\/title>\n<meta name=\"robots\" content=\"index, follow, max-snippet:-1, max-image-preview:large, max-video-preview:-1\" \/>\n<link rel=\"canonical\" href=\"https:\/\/kobbel2.web07.tigermedia.eu\/en\/how-to-rent-a-home\/\" \/>\n<meta property=\"og:locale\" content=\"en_US\" \/>\n<meta property=\"og:type\" content=\"article\" \/>\n<meta property=\"og:title\" content=\"How to rent a home - Kobbelv\u00e6nget\" \/>\n<meta property=\"og:description\" content=\"How to rent a home If you would like a presentation of the available apartments on Kobbelv\u00e6nget, you are very welcome to contact home today: Home Sydhavnen &amp; Projektsalg projekt.teglholmen@home.dk +45 33 33 03 05 Important to know! Deposit consists of 3 months\u2019 deposit and 1 month\u2019s prepaid rent.A smaller dog or cat is allowed [&hellip;]\" \/>\n<meta property=\"og:url\" content=\"https:\/\/kobbel2.web07.tigermedia.eu\/en\/how-to-rent-a-home\/\" \/>\n<meta property=\"og:site_name\" content=\"Kobbelv\u00e6nget\" \/>\n<meta property=\"article:modified_time\" content=\"2024-11-25T09:33:45+00:00\" \/>\n<meta name=\"twitter:card\" content=\"summary_large_image\" \/>\n<meta name=\"twitter:label1\" content=\"Est. reading time\" \/>\n\t<meta name=\"twitter:data1\" content=\"1 minute\" \/>\n<script type=\"application\/ld+json\" class=\"yoast-schema-graph\">{\"@context\":\"https:\\\/\\\/schema.org\",\"@graph\":[{\"@type\":\"WebPage\",\"@id\":\"https:\\\/\\\/kobbel2.web07.tigermedia.eu\\\/en\\\/how-to-rent-a-home\\\/\",\"url\":\"https:\\\/\\\/kobbel2.web07.tigermedia.eu\\\/en\\\/how-to-rent-a-home\\\/\",\"name\":\"How to rent a home - Kobbelv\u00e6nget\",\"isPartOf\":{\"@id\":\"https:\\\/\\\/xn--kobbelvnget-g9a.dk\\\/#website\"},\"datePublished\":\"2019-05-17T07:13:09+00:00\",\"dateModified\":\"2024-11-25T09:33:45+00:00\",\"breadcrumb\":{\"@id\":\"https:\\\/\\\/kobbel2.web07.tigermedia.eu\\\/en\\\/how-to-rent-a-home\\\/#breadcrumb\"},\"inLanguage\":\"en-US\",\"potentialAction\":[{\"@type\":\"ReadAction\",\"target\":[\"https:\\\/\\\/kobbel2.web07.tigermedia.eu\\\/en\\\/how-to-rent-a-home\\\/\"]}]},{\"@type\":\"BreadcrumbList\",\"@id\":\"https:\\\/\\\/kobbel2.web07.tigermedia.eu\\\/en\\\/how-to-rent-a-home\\\/#breadcrumb\",\"itemListElement\":[{\"@type\":\"ListItem\",\"position\":1,\"name\":\"Home\",\"item\":\"https:\\\/\\\/xn--kobbelvnget-g9a.dk\\\/\"},{\"@type\":\"ListItem\",\"position\":2,\"name\":\"How to rent a home\"}]},{\"@type\":\"WebSite\",\"@id\":\"https:\\\/\\\/xn--kobbelvnget-g9a.dk\\\/#website\",\"url\":\"https:\\\/\\\/xn--kobbelvnget-g9a.dk\\\/\",\"name\":\"Kobbelv\u00e6nget\",\"description\":\"Br\u00f8nsh\u00f8j rental housing\",\"potentialAction\":[{\"@type\":\"SearchAction\",\"target\":{\"@type\":\"EntryPoint\",\"urlTemplate\":\"https:\\\/\\\/xn--kobbelvnget-g9a.dk\\\/?s={search_term_string}\"},\"query-input\":{\"@type\":\"PropertyValueSpecification\",\"valueRequired\":true,\"valueName\":\"search_term_string\"}}],\"inLanguage\":\"en-US\"}]}<\/script>\n<!-- \/ Yoast SEO plugin. -->","yoast_head_json":{"title":"How to rent a home - Kobbelv\u00e6nget","robots":{"index":"index","follow":"follow","max-snippet":"max-snippet:-1","max-image-preview":"max-image-preview:large","max-video-preview":"max-video-preview:-1"},"canonical":"https:\/\/kobbel2.web07.tigermedia.eu\/en\/how-to-rent-a-home\/","og_locale":"en_US","og_type":"article","og_title":"How to rent a home - Kobbelv\u00e6nget","og_description":"How to rent a home If you would like a presentation of the available apartments on Kobbelv\u00e6nget, you are very welcome to contact home today: Home Sydhavnen &amp; Projektsalg projekt.teglholmen@home.dk +45 33 33 03 05 Important to know! Deposit consists of 3 months\u2019 deposit and 1 month\u2019s prepaid rent.A smaller dog or cat is allowed [&hellip;]","og_url":"https:\/\/kobbel2.web07.tigermedia.eu\/en\/how-to-rent-a-home\/","og_site_name":"Kobbelv\u00e6nget","article_modified_time":"2024-11-25T09:33:45+00:00","twitter_card":"summary_large_image","twitter_misc":{"Est. reading time":"1 minute"},"schema":{"@context":"https:\/\/schema.org","@graph":[{"@type":"WebPage","@id":"https:\/\/kobbel2.web07.tigermedia.eu\/en\/how-to-rent-a-home\/","url":"https:\/\/kobbel2.web07.tigermedia.eu\/en\/how-to-rent-a-home\/","name":"How to rent a home - Kobbelv\u00e6nget","isPartOf":{"@id":"https:\/\/xn--kobbelvnget-g9a.dk\/#website"},"datePublished":"2019-05-17T07:13:09+00:00","dateModified":"2024-11-25T09:33:45+00:00","breadcrumb":{"@id":"https:\/\/kobbel2.web07.tigermedia.eu\/en\/how-to-rent-a-home\/#breadcrumb"},"inLanguage":"en-US","potentialAction":[{"@type":"ReadAction","target":["https:\/\/kobbel2.web07.tigermedia.eu\/en\/how-to-rent-a-home\/"]}]},{"@type":"BreadcrumbList","@id":"https:\/\/kobbel2.web07.tigermedia.eu\/en\/how-to-rent-a-home\/#breadcrumb","itemListElement":[{"@type":"ListItem","position":1,"name":"Home","item":"https:\/\/xn--kobbelvnget-g9a.dk\/"},{"@type":"ListItem","position":2,"name":"How to rent a home"}]},{"@type":"WebSite","@id":"https:\/\/xn--kobbelvnget-g9a.dk\/#website","url":"https:\/\/xn--kobbelvnget-g9a.dk\/","name":"Kobbelv\u00e6nget","description":"Br\u00f8nsh\u00f8j rental housing","potentialAction":[{"@type":"SearchAction","target":{"@type":"EntryPoint","urlTemplate":"https:\/\/xn--kobbelvnget-g9a.dk\/?s={search_term_string}"},"query-input":{"@type":"PropertyValueSpecification","valueRequired":true,"valueName":"search_term_string"}}],"inLanguage":"en-US"}]}},"_links":{"self":[{"href":"https:\/\/xn--kobbelvnget-g9a.dk\/en\/wp-json\/wp\/v2\/pages\/7815","targetHints":{"allow":["GET"]}}],"collection":[{"href":"https:\/\/xn--kobbelvnget-g9a.dk\/en\/wp-json\/wp\/v2\/pages"}],"about":[{"href":"https:\/\/xn--kobbelvnget-g9a.dk\/en\/wp-json\/wp\/v2\/types\/page"}],"author":[{"embeddable":true,"href":"https:\/\/xn--kobbelvnget-g9a.dk\/en\/wp-json\/wp\/v2\/users\/6"}],"replies":[{"embeddable":true,"href":"https:\/\/xn--kobbelvnget-g9a.dk\/en\/wp-json\/wp\/v2\/comments?post=7815"}],"version-history":[{"count":12,"href":"https:\/\/xn--kobbelvnget-g9a.dk\/en\/wp-json\/wp\/v2\/pages\/7815\/revisions"}],"predecessor-version":[{"id":8014,"href":"https:\/\/xn--kobbelvnget-g9a.dk\/en\/wp-json\/wp\/v2\/pages\/7815\/revisions\/8014"}],"wp:attachment":[{"href":"https:\/\/xn--kobbelvnget-g9a.dk\/en\/wp-json\/wp\/v2\/media?parent=7815"}],"curies":[{"name":"wp","href":"https:\/\/api.w.org\/{rel}","templated":true}]}}