{"id":7636,"date":"2022-02-10T09:46:33","date_gmt":"2022-02-10T09:46:33","guid":{"rendered":"https:\/\/xn--kobbelvnget-g9a.dk\/privacy-policy\/"},"modified":"2024-10-29T08:22:25","modified_gmt":"2024-10-29T08:22:25","slug":"privacy-policy","status":"publish","type":"page","link":"https:\/\/xn--kobbelvnget-g9a.dk\/en\/privacy-policy\/","title":{"rendered":"Privacy policy"},"content":{"rendered":"\t\t<div data-elementor-type=\"wp-page\" data-elementor-id=\"7636\" class=\"elementor elementor-7636 elementor-3\" data-elementor-post-type=\"page\">\n\t\t\t\t\t\t<section class=\"elementor-section elementor-top-section elementor-element elementor-element-20d1184f elementor-section-stretched elementor-section-boxed elementor-section-height-default elementor-section-height-default\" data-id=\"20d1184f\" data-element_type=\"section\" data-e-type=\"section\" data-settings=\"{&quot;stretch_section&quot;:&quot;section-stretched&quot;,&quot;background_background&quot;:&quot;classic&quot;}\">\n\t\t\t\t\t\t<div class=\"elementor-container elementor-column-gap-default\">\n\t\t\t\t\t<div class=\"elementor-column elementor-col-100 elementor-top-column elementor-element elementor-element-2bb33003\" data-id=\"2bb33003\" data-element_type=\"column\" data-e-type=\"column\">\n\t\t\t<div class=\"elementor-widget-wrap elementor-element-populated\">\n\t\t\t\t\t\t<div class=\"elementor-element elementor-element-e32f75f elementor-widget elementor-widget-heading\" data-id=\"e32f75f\" data-element_type=\"widget\" data-e-type=\"widget\" data-widget_type=\"heading.default\">\n\t\t\t\t<div class=\"elementor-widget-container\">\n\t\t\t\t\t<h2 class=\"elementor-heading-title elementor-size-default\">Privacy policy<\/h2>\t\t\t\t<\/div>\n\t\t\t\t<\/div>\n\t\t\t\t<div class=\"elementor-element elementor-element-5e9e011 elementor-widget elementor-widget-text-editor\" data-id=\"5e9e011\" data-element_type=\"widget\" data-e-type=\"widget\" data-widget_type=\"text-editor.default\">\n\t\t\t\t<div class=\"elementor-widget-container\">\n\t\t\t\t\t\t\t\t\t<p><b>Inquiries<\/b><\/p>\n<p>All inquiries regarding our storing of data in connection to cookies can be sent to\u00a0<a href=\"mailto:info@deas.dk\">info@deas.dk<\/a>.<\/p>\n<p><b>Cookies<\/b><\/p>\n<p>This website uses cookies. We use cookies to customise our content and ads, to show you features for social media, and to analyse our traffic. We also share information about your use of our website with our partners within social media, ad partners, and analysis partners. Our partners can combine these pieces of data with other information you have provided to them, or that they have gathered from your use of their services.<\/p>\n<p>Cookies are small text files that can be used by websites to make a user\u2019s experience more effective.<\/p>\n<p>The law states that we can store cookies on your device, if they are strictly necessary in order to ensure the delivery of the service that you explicitly have requested the use of. For all other types of cookies, we need your consent.<\/p>\n<p>This website uses different types of cookies. Some cookies are placed by third party services that are shown on our web pages.<\/p>\n<p>You can, at any time, change or withdraw your consent from the cookie notice on our website.<\/p>\n<p>Learn more about who we are, how you can contact us, and how we handle your personal data above.<\/p>\n<p>Please state your consent ID and consent date when you contact us regarding your consent.<\/p>\n<p>Your consent applies to the following domains: kobbelv\u00e6nget.dk.<\/p>\n\t\t\t\t\t\t\t\t<\/div>\n\t\t\t\t<\/div>\n\t\t\t\t\t<\/div>\n\t\t<\/div>\n\t\t\t\t\t<\/div>\n\t\t<\/section>\n\t\t\t\t<\/div>\n\t\t","protected":false},"excerpt":{"rendered":"<p>Privacy policy Inquiries All inquiries regarding our storing of data in connection to cookies can be sent to\u00a0info@deas.dk. Cookies This website uses cookies. We use cookies to customise our content and ads, to show you features for social media, and to analyse our traffic. We also share information about your use of our website with [&hellip;]<\/p>\n","protected":false},"author":6,"featured_media":0,"parent":0,"menu_order":0,"comment_status":"closed","ping_status":"closed","template":"","meta":{"inline_featured_image":false,"footnotes":""},"class_list":["post-7636","page","type-page","status-publish","hentry"],"yoast_head":"<!-- This site is optimized with the Yoast SEO plugin v27.4 - https:\/\/yoast.com\/product\/yoast-seo-wordpress\/ -->\n<title>Privacy policy - Kobbelv\u00e6nget<\/title>\n<meta name=\"robots\" content=\"index, follow, max-snippet:-1, max-image-preview:large, max-video-preview:-1\" \/>\n<link rel=\"canonical\" href=\"https:\/\/kobbel2.web07.tigermedia.eu\/privatlivspolitik\/\" \/>\n<meta property=\"og:locale\" content=\"en_US\" \/>\n<meta property=\"og:type\" content=\"article\" \/>\n<meta property=\"og:title\" content=\"Privacy policy - Kobbelv\u00e6nget\" \/>\n<meta property=\"og:description\" content=\"Privacy policy Inquiries All inquiries regarding our storing of data in connection to cookies can be sent to\u00a0info@deas.dk. Cookies This website uses cookies. We use cookies to customise our content and ads, to show you features for social media, and to analyse our traffic. We also share information about your use of our website with [&hellip;]\" \/>\n<meta property=\"og:url\" content=\"https:\/\/kobbel2.web07.tigermedia.eu\/privatlivspolitik\/\" \/>\n<meta property=\"og:site_name\" content=\"Kobbelv\u00e6nget\" \/>\n<meta property=\"article:modified_time\" content=\"2024-10-29T08:22:25+00:00\" \/>\n<meta name=\"twitter:card\" content=\"summary_large_image\" \/>\n<meta name=\"twitter:label1\" content=\"Est. reading time\" \/>\n\t<meta name=\"twitter:data1\" content=\"2 minutes\" \/>\n<script type=\"application\/ld+json\" class=\"yoast-schema-graph\">{\"@context\":\"https:\\\/\\\/schema.org\",\"@graph\":[{\"@type\":\"WebPage\",\"@id\":\"https:\\\/\\\/kobbel2.web07.tigermedia.eu\\\/privatlivspolitik\\\/\",\"url\":\"https:\\\/\\\/kobbel2.web07.tigermedia.eu\\\/privatlivspolitik\\\/\",\"name\":\"Privacy policy - Kobbelv\u00e6nget\",\"isPartOf\":{\"@id\":\"https:\\\/\\\/xn--kobbelvnget-g9a.dk\\\/#website\"},\"datePublished\":\"2022-02-10T09:46:33+00:00\",\"dateModified\":\"2024-10-29T08:22:25+00:00\",\"breadcrumb\":{\"@id\":\"https:\\\/\\\/kobbel2.web07.tigermedia.eu\\\/privatlivspolitik\\\/#breadcrumb\"},\"inLanguage\":\"en-US\",\"potentialAction\":[{\"@type\":\"ReadAction\",\"target\":[\"https:\\\/\\\/kobbel2.web07.tigermedia.eu\\\/privatlivspolitik\\\/\"]}]},{\"@type\":\"BreadcrumbList\",\"@id\":\"https:\\\/\\\/kobbel2.web07.tigermedia.eu\\\/privatlivspolitik\\\/#breadcrumb\",\"itemListElement\":[{\"@type\":\"ListItem\",\"position\":1,\"name\":\"Home\",\"item\":\"https:\\\/\\\/xn--kobbelvnget-g9a.dk\\\/\"},{\"@type\":\"ListItem\",\"position\":2,\"name\":\"Privacy policy\"}]},{\"@type\":\"WebSite\",\"@id\":\"https:\\\/\\\/xn--kobbelvnget-g9a.dk\\\/#website\",\"url\":\"https:\\\/\\\/xn--kobbelvnget-g9a.dk\\\/\",\"name\":\"Kobbelv\u00e6nget\",\"description\":\"Br\u00f8nsh\u00f8j rental housing\",\"potentialAction\":[{\"@type\":\"SearchAction\",\"target\":{\"@type\":\"EntryPoint\",\"urlTemplate\":\"https:\\\/\\\/xn--kobbelvnget-g9a.dk\\\/?s={search_term_string}\"},\"query-input\":{\"@type\":\"PropertyValueSpecification\",\"valueRequired\":true,\"valueName\":\"search_term_string\"}}],\"inLanguage\":\"en-US\"}]}<\/script>\n<!-- \/ Yoast SEO plugin. -->","yoast_head_json":{"title":"Privacy policy - Kobbelv\u00e6nget","robots":{"index":"index","follow":"follow","max-snippet":"max-snippet:-1","max-image-preview":"max-image-preview:large","max-video-preview":"max-video-preview:-1"},"canonical":"https:\/\/kobbel2.web07.tigermedia.eu\/privatlivspolitik\/","og_locale":"en_US","og_type":"article","og_title":"Privacy policy - Kobbelv\u00e6nget","og_description":"Privacy policy Inquiries All inquiries regarding our storing of data in connection to cookies can be sent to\u00a0info@deas.dk. Cookies This website uses cookies. We use cookies to customise our content and ads, to show you features for social media, and to analyse our traffic. We also share information about your use of our website with [&hellip;]","og_url":"https:\/\/kobbel2.web07.tigermedia.eu\/privatlivspolitik\/","og_site_name":"Kobbelv\u00e6nget","article_modified_time":"2024-10-29T08:22:25+00:00","twitter_card":"summary_large_image","twitter_misc":{"Est. reading time":"2 minutes"},"schema":{"@context":"https:\/\/schema.org","@graph":[{"@type":"WebPage","@id":"https:\/\/kobbel2.web07.tigermedia.eu\/privatlivspolitik\/","url":"https:\/\/kobbel2.web07.tigermedia.eu\/privatlivspolitik\/","name":"Privacy policy - Kobbelv\u00e6nget","isPartOf":{"@id":"https:\/\/xn--kobbelvnget-g9a.dk\/#website"},"datePublished":"2022-02-10T09:46:33+00:00","dateModified":"2024-10-29T08:22:25+00:00","breadcrumb":{"@id":"https:\/\/kobbel2.web07.tigermedia.eu\/privatlivspolitik\/#breadcrumb"},"inLanguage":"en-US","potentialAction":[{"@type":"ReadAction","target":["https:\/\/kobbel2.web07.tigermedia.eu\/privatlivspolitik\/"]}]},{"@type":"BreadcrumbList","@id":"https:\/\/kobbel2.web07.tigermedia.eu\/privatlivspolitik\/#breadcrumb","itemListElement":[{"@type":"ListItem","position":1,"name":"Home","item":"https:\/\/xn--kobbelvnget-g9a.dk\/"},{"@type":"ListItem","position":2,"name":"Privacy policy"}]},{"@type":"WebSite","@id":"https:\/\/xn--kobbelvnget-g9a.dk\/#website","url":"https:\/\/xn--kobbelvnget-g9a.dk\/","name":"Kobbelv\u00e6nget","description":"Br\u00f8nsh\u00f8j rental housing","potentialAction":[{"@type":"SearchAction","target":{"@type":"EntryPoint","urlTemplate":"https:\/\/xn--kobbelvnget-g9a.dk\/?s={search_term_string}"},"query-input":{"@type":"PropertyValueSpecification","valueRequired":true,"valueName":"search_term_string"}}],"inLanguage":"en-US"}]}},"_links":{"self":[{"href":"https:\/\/xn--kobbelvnget-g9a.dk\/en\/wp-json\/wp\/v2\/pages\/7636","targetHints":{"allow":["GET"]}}],"collection":[{"href":"https:\/\/xn--kobbelvnget-g9a.dk\/en\/wp-json\/wp\/v2\/pages"}],"about":[{"href":"https:\/\/xn--kobbelvnget-g9a.dk\/en\/wp-json\/wp\/v2\/types\/page"}],"author":[{"embeddable":true,"href":"https:\/\/xn--kobbelvnget-g9a.dk\/en\/wp-json\/wp\/v2\/users\/6"}],"replies":[{"embeddable":true,"href":"https:\/\/xn--kobbelvnget-g9a.dk\/en\/wp-json\/wp\/v2\/comments?post=7636"}],"version-history":[{"count":4,"href":"https:\/\/xn--kobbelvnget-g9a.dk\/en\/wp-json\/wp\/v2\/pages\/7636\/revisions"}],"predecessor-version":[{"id":7968,"href":"https:\/\/xn--kobbelvnget-g9a.dk\/en\/wp-json\/wp\/v2\/pages\/7636\/revisions\/7968"}],"wp:attachment":[{"href":"https:\/\/xn--kobbelvnget-g9a.dk\/en\/wp-json\/wp\/v2\/media?parent=7636"}],"curies":[{"name":"wp","href":"https:\/\/api.w.org\/{rel}","templated":true}]}}