{"id":7616,"date":"2022-11-02T09:39:22","date_gmt":"2022-11-02T09:39:22","guid":{"rendered":"https:\/\/xn--kobbelvnget-g9a.dk\/floor-plans\/"},"modified":"2024-10-15T11:10:13","modified_gmt":"2024-10-15T11:10:13","slug":"floor-plans","status":"publish","type":"page","link":"https:\/\/xn--kobbelvnget-g9a.dk\/en\/floor-plans\/","title":{"rendered":"Floor plans"},"content":{"rendered":"\t\t<div data-elementor-type=\"wp-post\" data-elementor-id=\"7616\" class=\"elementor elementor-7616 elementor-5001\" data-elementor-post-type=\"page\">\n\t\t\t\t<div class=\"elementor-element elementor-element-1538f52 e-con-full e-flex e-con e-parent\" data-id=\"1538f52\" data-element_type=\"container\" data-e-type=\"container\" data-settings=\"{&quot;background_background&quot;:&quot;classic&quot;}\">\n\t\t<div class=\"elementor-element elementor-element-36e371d e-con-full e-flex e-con e-child\" data-id=\"36e371d\" data-element_type=\"container\" data-e-type=\"container\">\n\t\t\t\t<div class=\"elementor-element elementor-element-25d1b00 elementor-nav-menu__align-center elementor-nav-menu--dropdown-tablet elementor-nav-menu__text-align-aside elementor-nav-menu--toggle elementor-nav-menu--burger elementor-widget elementor-widget-nav-menu\" data-id=\"25d1b00\" data-element_type=\"widget\" data-e-type=\"widget\" data-settings=\"{&quot;layout&quot;:&quot;horizontal&quot;,&quot;submenu_icon&quot;:{&quot;value&quot;:&quot;&lt;i class=\\&quot;fas fa-caret-down\\&quot; aria-hidden=\\&quot;true\\&quot;&gt;&lt;\\\/i&gt;&quot;,&quot;library&quot;:&quot;fa-solid&quot;},&quot;toggle&quot;:&quot;burger&quot;}\" data-widget_type=\"nav-menu.default\">\n\t\t\t\t<div class=\"elementor-widget-container\">\n\t\t\t\t\t\t\t\t<nav aria-label=\"Menu\" class=\"elementor-nav-menu--main elementor-nav-menu__container elementor-nav-menu--layout-horizontal e--pointer-none\">\n\t\t\t\t<ul id=\"menu-1-25d1b00\" class=\"elementor-nav-menu\"><li class=\"menu-item menu-item-type-post_type menu-item-object-page menu-item-7648\"><a href=\"https:\/\/xn--kobbelvnget-g9a.dk\/en\/floor-plans-flats\/\" class=\"elementor-item\">Floor Plans Flats<\/a><\/li>\n<li class=\"menu-item menu-item-type-post_type menu-item-object-page menu-item-7649\"><a href=\"https:\/\/xn--kobbelvnget-g9a.dk\/en\/floor-plans-terraced-houses\/\" class=\"elementor-item\">Floor Plans Terraced houses<\/a><\/li>\n<li class=\"menu-item menu-item-type-post_type menu-item-object-page menu-item-7650\"><a href=\"https:\/\/xn--kobbelvnget-g9a.dk\/en\/floor-plans-micro-living\/\" class=\"elementor-item\">Floor Plans Micro-living<\/a><\/li>\n<li class=\"menu-item menu-item-type-post_type menu-item-object-page menu-item-7651\"><a href=\"https:\/\/xn--kobbelvnget-g9a.dk\/en\/floor-plans\/\" class=\"elementor-item\">Floor plans<\/a><\/li>\n<\/ul>\t\t\t<\/nav>\n\t\t\t\t\t<div class=\"elementor-menu-toggle\" role=\"button\" tabindex=\"0\" aria-label=\"Menu Toggle\" aria-expanded=\"false\">\n\t\t\t<i aria-hidden=\"true\" role=\"presentation\" class=\"elementor-menu-toggle__icon--open eicon-menu-bar\"><\/i><i aria-hidden=\"true\" role=\"presentation\" class=\"elementor-menu-toggle__icon--close eicon-close\"><\/i>\t\t<\/div>\n\t\t\t\t\t<nav class=\"elementor-nav-menu--dropdown elementor-nav-menu__container\" aria-hidden=\"true\">\n\t\t\t\t<ul id=\"menu-2-25d1b00\" class=\"elementor-nav-menu\"><li class=\"menu-item menu-item-type-post_type menu-item-object-page menu-item-7648\"><a href=\"https:\/\/xn--kobbelvnget-g9a.dk\/en\/floor-plans-flats\/\" class=\"elementor-item\" tabindex=\"-1\">Floor Plans Flats<\/a><\/li>\n<li class=\"menu-item menu-item-type-post_type menu-item-object-page menu-item-7649\"><a href=\"https:\/\/xn--kobbelvnget-g9a.dk\/en\/floor-plans-terraced-houses\/\" class=\"elementor-item\" tabindex=\"-1\">Floor Plans Terraced houses<\/a><\/li>\n<li class=\"menu-item menu-item-type-post_type menu-item-object-page menu-item-7650\"><a href=\"https:\/\/xn--kobbelvnget-g9a.dk\/en\/floor-plans-micro-living\/\" class=\"elementor-item\" tabindex=\"-1\">Floor Plans Micro-living<\/a><\/li>\n<li class=\"menu-item menu-item-type-post_type menu-item-object-page menu-item-7651\"><a href=\"https:\/\/xn--kobbelvnget-g9a.dk\/en\/floor-plans\/\" class=\"elementor-item\" tabindex=\"-1\">Floor plans<\/a><\/li>\n<\/ul>\t\t\t<\/nav>\n\t\t\t\t\t\t<\/div>\n\t\t\t\t<\/div>\n\t\t\t\t<div class=\"elementor-element elementor-element-3b81a45 elementor-hidden-desktop elementor-widget elementor-widget-shortcode\" data-id=\"3b81a45\" data-element_type=\"widget\" data-e-type=\"widget\" data-widget_type=\"shortcode.default\">\n\t\t\t\t<div class=\"elementor-widget-container\">\n\t\t\t\t\t\t\t<div class=\"elementor-shortcode\">\n<!-- iframe plugin v.6.0 wordpress.org\/plugins\/iframe\/ -->\n<iframe src=\"https:\/\/indd.adobe.com\/view\/ba5cab9a-5ddd-47b2-8d57-a822ea663410\" height=\"360\" width=\"100%\" scrolling=\"yes\" class=\"iframe-class\" frameborder=\"0\"><\/iframe>\n<\/div>\n\t\t\t\t\t\t<\/div>\n\t\t\t\t<\/div>\n\t\t\t\t<div class=\"elementor-element elementor-element-1202b81 elementor-hidden-tablet elementor-hidden-mobile elementor-widget elementor-widget-shortcode\" data-id=\"1202b81\" data-element_type=\"widget\" data-e-type=\"widget\" data-widget_type=\"shortcode.default\">\n\t\t\t\t<div class=\"elementor-widget-container\">\n\t\t\t\t\t\t\t<div class=\"elementor-shortcode\">\n<!-- iframe plugin v.6.0 wordpress.org\/plugins\/iframe\/ -->\n<iframe src=\"https:\/\/indd.adobe.com\/view\/ba5cab9a-5ddd-47b2-8d57-a822ea663410\" width=\"100%\" height=\"800\" scrolling=\"yes\" class=\"iframe-class\" frameborder=\"0\"><\/iframe>\n<\/div>\n\t\t\t\t\t\t<\/div>\n\t\t\t\t<\/div>\n\t\t\t\t<\/div>\n\t\t\t\t<\/div>\n\t\t\t\t<\/div>\n\t\t","protected":false},"excerpt":{"rendered":"","protected":false},"author":6,"featured_media":0,"parent":0,"menu_order":0,"comment_status":"closed","ping_status":"closed","template":"","meta":{"inline_featured_image":false,"footnotes":""},"class_list":["post-7616","page","type-page","status-publish","hentry"],"yoast_head":"<!-- This site is optimized with the Yoast SEO plugin v27.4 - https:\/\/yoast.com\/product\/yoast-seo-wordpress\/ -->\n<title>Floor plans - Kobbelv\u00e6nget<\/title>\n<meta name=\"robots\" content=\"index, follow, max-snippet:-1, max-image-preview:large, max-video-preview:-1\" \/>\n<link rel=\"canonical\" href=\"https:\/\/kobbel2.web07.tigermedia.eu\/etageplaner\/\" \/>\n<meta property=\"og:locale\" content=\"en_US\" \/>\n<meta property=\"og:type\" content=\"article\" \/>\n<meta property=\"og:title\" content=\"Floor plans - Kobbelv\u00e6nget\" \/>\n<meta property=\"og:url\" content=\"https:\/\/kobbel2.web07.tigermedia.eu\/etageplaner\/\" \/>\n<meta property=\"og:site_name\" content=\"Kobbelv\u00e6nget\" \/>\n<meta property=\"article:modified_time\" content=\"2024-10-15T11:10:13+00:00\" \/>\n<meta name=\"twitter:card\" content=\"summary_large_image\" \/>\n<script type=\"application\/ld+json\" class=\"yoast-schema-graph\">{\"@context\":\"https:\\\/\\\/schema.org\",\"@graph\":[{\"@type\":\"WebPage\",\"@id\":\"https:\\\/\\\/kobbel2.web07.tigermedia.eu\\\/etageplaner\\\/\",\"url\":\"https:\\\/\\\/kobbel2.web07.tigermedia.eu\\\/etageplaner\\\/\",\"name\":\"Floor plans - Kobbelv\u00e6nget\",\"isPartOf\":{\"@id\":\"https:\\\/\\\/xn--kobbelvnget-g9a.dk\\\/#website\"},\"datePublished\":\"2022-11-02T09:39:22+00:00\",\"dateModified\":\"2024-10-15T11:10:13+00:00\",\"breadcrumb\":{\"@id\":\"https:\\\/\\\/kobbel2.web07.tigermedia.eu\\\/etageplaner\\\/#breadcrumb\"},\"inLanguage\":\"en-US\",\"potentialAction\":[{\"@type\":\"ReadAction\",\"target\":[\"https:\\\/\\\/kobbel2.web07.tigermedia.eu\\\/etageplaner\\\/\"]}]},{\"@type\":\"BreadcrumbList\",\"@id\":\"https:\\\/\\\/kobbel2.web07.tigermedia.eu\\\/etageplaner\\\/#breadcrumb\",\"itemListElement\":[{\"@type\":\"ListItem\",\"position\":1,\"name\":\"Home\",\"item\":\"https:\\\/\\\/xn--kobbelvnget-g9a.dk\\\/\"},{\"@type\":\"ListItem\",\"position\":2,\"name\":\"Floor plans\"}]},{\"@type\":\"WebSite\",\"@id\":\"https:\\\/\\\/xn--kobbelvnget-g9a.dk\\\/#website\",\"url\":\"https:\\\/\\\/xn--kobbelvnget-g9a.dk\\\/\",\"name\":\"Kobbelv\u00e6nget\",\"description\":\"Br\u00f8nsh\u00f8j rental housing\",\"potentialAction\":[{\"@type\":\"SearchAction\",\"target\":{\"@type\":\"EntryPoint\",\"urlTemplate\":\"https:\\\/\\\/xn--kobbelvnget-g9a.dk\\\/?s={search_term_string}\"},\"query-input\":{\"@type\":\"PropertyValueSpecification\",\"valueRequired\":true,\"valueName\":\"search_term_string\"}}],\"inLanguage\":\"en-US\"}]}<\/script>\n<!-- \/ Yoast SEO plugin. -->","yoast_head_json":{"title":"Floor plans - Kobbelv\u00e6nget","robots":{"index":"index","follow":"follow","max-snippet":"max-snippet:-1","max-image-preview":"max-image-preview:large","max-video-preview":"max-video-preview:-1"},"canonical":"https:\/\/kobbel2.web07.tigermedia.eu\/etageplaner\/","og_locale":"en_US","og_type":"article","og_title":"Floor plans - Kobbelv\u00e6nget","og_url":"https:\/\/kobbel2.web07.tigermedia.eu\/etageplaner\/","og_site_name":"Kobbelv\u00e6nget","article_modified_time":"2024-10-15T11:10:13+00:00","twitter_card":"summary_large_image","schema":{"@context":"https:\/\/schema.org","@graph":[{"@type":"WebPage","@id":"https:\/\/kobbel2.web07.tigermedia.eu\/etageplaner\/","url":"https:\/\/kobbel2.web07.tigermedia.eu\/etageplaner\/","name":"Floor plans - Kobbelv\u00e6nget","isPartOf":{"@id":"https:\/\/xn--kobbelvnget-g9a.dk\/#website"},"datePublished":"2022-11-02T09:39:22+00:00","dateModified":"2024-10-15T11:10:13+00:00","breadcrumb":{"@id":"https:\/\/kobbel2.web07.tigermedia.eu\/etageplaner\/#breadcrumb"},"inLanguage":"en-US","potentialAction":[{"@type":"ReadAction","target":["https:\/\/kobbel2.web07.tigermedia.eu\/etageplaner\/"]}]},{"@type":"BreadcrumbList","@id":"https:\/\/kobbel2.web07.tigermedia.eu\/etageplaner\/#breadcrumb","itemListElement":[{"@type":"ListItem","position":1,"name":"Home","item":"https:\/\/xn--kobbelvnget-g9a.dk\/"},{"@type":"ListItem","position":2,"name":"Floor plans"}]},{"@type":"WebSite","@id":"https:\/\/xn--kobbelvnget-g9a.dk\/#website","url":"https:\/\/xn--kobbelvnget-g9a.dk\/","name":"Kobbelv\u00e6nget","description":"Br\u00f8nsh\u00f8j rental housing","potentialAction":[{"@type":"SearchAction","target":{"@type":"EntryPoint","urlTemplate":"https:\/\/xn--kobbelvnget-g9a.dk\/?s={search_term_string}"},"query-input":{"@type":"PropertyValueSpecification","valueRequired":true,"valueName":"search_term_string"}}],"inLanguage":"en-US"}]}},"_links":{"self":[{"href":"https:\/\/xn--kobbelvnget-g9a.dk\/en\/wp-json\/wp\/v2\/pages\/7616","targetHints":{"allow":["GET"]}}],"collection":[{"href":"https:\/\/xn--kobbelvnget-g9a.dk\/en\/wp-json\/wp\/v2\/pages"}],"about":[{"href":"https:\/\/xn--kobbelvnget-g9a.dk\/en\/wp-json\/wp\/v2\/types\/page"}],"author":[{"embeddable":true,"href":"https:\/\/xn--kobbelvnget-g9a.dk\/en\/wp-json\/wp\/v2\/users\/6"}],"replies":[{"embeddable":true,"href":"https:\/\/xn--kobbelvnget-g9a.dk\/en\/wp-json\/wp\/v2\/comments?post=7616"}],"version-history":[{"count":9,"href":"https:\/\/xn--kobbelvnget-g9a.dk\/en\/wp-json\/wp\/v2\/pages\/7616\/revisions"}],"predecessor-version":[{"id":7931,"href":"https:\/\/xn--kobbelvnget-g9a.dk\/en\/wp-json\/wp\/v2\/pages\/7616\/revisions\/7931"}],"wp:attachment":[{"href":"https:\/\/xn--kobbelvnget-g9a.dk\/en\/wp-json\/wp\/v2\/media?parent=7616"}],"curies":[{"name":"wp","href":"https:\/\/api.w.org\/{rel}","templated":true}]}}