{"id":7614,"date":"2022-11-04T09:26:48","date_gmt":"2022-11-04T09:26:48","guid":{"rendered":"https:\/\/xn--kobbelvnget-g9a.dk\/rental-prices\/"},"modified":"2024-10-14T09:13:32","modified_gmt":"2024-10-14T09:13:32","slug":"rental-prices","status":"publish","type":"page","link":"https:\/\/xn--kobbelvnget-g9a.dk\/en\/rental-prices\/","title":{"rendered":"Rental prices"},"content":{"rendered":"\t\t<div data-elementor-type=\"wp-post\" data-elementor-id=\"7614\" class=\"elementor elementor-7614 elementor-5218\" data-elementor-post-type=\"page\">\n\t\t\t\t\t\t<section class=\"elementor-section elementor-top-section elementor-element elementor-element-b4210ee elementor-section-stretched elementor-section-full_width elementor-section-height-default elementor-section-height-default\" data-id=\"b4210ee\" data-element_type=\"section\" data-e-type=\"section\" data-settings=\"{&quot;stretch_section&quot;:&quot;section-stretched&quot;,&quot;background_background&quot;:&quot;classic&quot;}\">\n\t\t\t\t\t\t<div class=\"elementor-container elementor-column-gap-default\">\n\t\t\t\t\t<div class=\"elementor-column elementor-col-100 elementor-top-column elementor-element elementor-element-1864acf\" data-id=\"1864acf\" data-element_type=\"column\" data-e-type=\"column\">\n\t\t\t<div class=\"elementor-widget-wrap elementor-element-populated\">\n\t\t\t\t\t\t<div class=\"elementor-element elementor-element-e10194d elementor-hidden-tablet elementor-hidden-mobile elementor-widget elementor-widget-shortcode\" data-id=\"e10194d\" data-element_type=\"widget\" data-e-type=\"widget\" data-widget_type=\"shortcode.default\">\n\t\t\t\t<div class=\"elementor-widget-container\">\n\t\t\t\t\t\t\t<div class=\"elementor-shortcode\">\n<!-- iframe plugin v.6.0 wordpress.org\/plugins\/iframe\/ -->\n<iframe src=\"https:\/\/kobbelvaenget.development-dd.dk\/\" width=\"100%\" height=\"1000\" scrolling=\"yes\" class=\"iframe-class\" frameborder=\"0\"><\/iframe>\n<\/div>\n\t\t\t\t\t\t<\/div>\n\t\t\t\t<\/div>\n\t\t\t\t<div class=\"elementor-element elementor-element-36ce1d0 elementor-hidden-desktop elementor-widget elementor-widget-shortcode\" data-id=\"36ce1d0\" data-element_type=\"widget\" data-e-type=\"widget\" data-widget_type=\"shortcode.default\">\n\t\t\t\t<div class=\"elementor-widget-container\">\n\t\t\t\t\t\t\t<div class=\"elementor-shortcode\">\n<!-- iframe plugin v.6.0 wordpress.org\/plugins\/iframe\/ -->\n<iframe src=\"https:\/\/kobbelvaenget.development-dd.dk\/\" width=\"100%\" height=\"500\" scrolling=\"yes\" class=\"iframe-class\" frameborder=\"0\"><\/iframe>\n<\/div>\n\t\t\t\t\t\t<\/div>\n\t\t\t\t<\/div>\n\t\t\t\t<section class=\"elementor-section elementor-inner-section elementor-element elementor-element-1eb35c0 elementor-section-boxed elementor-section-height-default elementor-section-height-default\" data-id=\"1eb35c0\" data-element_type=\"section\" data-e-type=\"section\">\n\t\t\t\t\t\t<div class=\"elementor-container elementor-column-gap-default\">\n\t\t\t\t\t<div class=\"elementor-column elementor-col-100 elementor-inner-column elementor-element elementor-element-b13608f\" data-id=\"b13608f\" data-element_type=\"column\" data-e-type=\"column\">\n\t\t\t<div class=\"elementor-widget-wrap elementor-element-populated\">\n\t\t\t\t\t\t<div class=\"elementor-element elementor-element-5e662a7 elementor-widget elementor-widget-heading\" data-id=\"5e662a7\" data-element_type=\"widget\" data-e-type=\"widget\" data-widget_type=\"heading.default\">\n\t\t\t\t<div class=\"elementor-widget-container\">\n\t\t\t\t\t<h2 class=\"elementor-heading-title elementor-size-default\">How to use the table and filters above<\/h2>\t\t\t\t<\/div>\n\t\t\t\t<\/div>\n\t\t\t\t<div class=\"elementor-element elementor-element-f604cf8 elementor-widget elementor-widget-text-editor\" data-id=\"f604cf8\" data-element_type=\"widget\" data-e-type=\"widget\" data-widget_type=\"text-editor.default\">\n\t\t\t\t<div class=\"elementor-widget-container\">\n\t\t\t\t\t\t\t\t\t<div class=\"site-content-contain\">\n<div id=\"content\" class=\"site-content\">\n<div class=\"wrap\">\n<div id=\"primary\" class=\"content-area\"><main id=\"main\" class=\"site-main\"><\/p>\n<article id=\"post-6709\" class=\"post-6709 page type-page status-publish hentry\">\n<div class=\"entry-content\">\n<div class=\"elementor elementor-6709 elementor-5218\" data-elementor-type=\"wp-post\" data-elementor-id=\"6709\" data-elementor-post-type=\"page\">\n<section class=\"elementor-section elementor-top-section elementor-element elementor-element-b4210ee elementor-section-stretched elementor-section-full_width elementor-section-height-default elementor-section-height-default\" data-id=\"b4210ee\" data-element_type=\"section\" data-settings=\"{&quot;stretch_section&quot;:&quot;section-stretched&quot;,&quot;background_background&quot;:&quot;classic&quot;}\">\n<div class=\"elementor-container elementor-column-gap-default\">\n<div class=\"elementor-column elementor-col-100 elementor-top-column elementor-element elementor-element-1864acf\" data-id=\"1864acf\" data-element_type=\"column\">\n<div class=\"elementor-widget-wrap elementor-element-populated\">\n<section class=\"elementor-section elementor-inner-section elementor-element elementor-element-1eb35c0 elementor-section-boxed elementor-section-height-default elementor-section-height-default\" data-id=\"1eb35c0\" data-element_type=\"section\">\n<div class=\"elementor-container elementor-column-gap-default\">\n<div class=\"elementor-column elementor-col-100 elementor-inner-column elementor-element elementor-element-b13608f\" data-id=\"b13608f\" data-element_type=\"column\">\n<div class=\"elementor-widget-wrap elementor-element-populated\">\n<div class=\"elementor-element elementor-element-f604cf8 elementor-hidden-tablet elementor-hidden-mobile elementor-widget elementor-widget-text-editor\" data-id=\"f604cf8\" data-element_type=\"widget\" data-widget_type=\"text-editor.default\">\n<div class=\"elementor-widget-container\">\n<div class=\"elementor-text-editor elementor-clearfix\">\n<p>You find prices and all the details for the homes in the list on the right. From this list you can click on each individual home and see floor plants and all details for that specific home.<\/p>\n<p>If you want to view a specific home, you can also click on one of the blocks that are divided into micro-living, terraced houses, and flats. From there you can click on the individual home, where you can view details for that home. You can also see and\/or download the floor plan.<\/p>\n<\/div>\n<\/div>\n<\/div>\n<\/div>\n<\/div>\n<\/div>\n<\/section>\n<\/div>\n<\/div>\n<\/div>\n<\/section>\n<\/div>\n<\/div>\n<\/article>\n<p><\/main><\/div>\n<\/div>\n<\/div>\n<\/div>\n<footer id=\"colophon\" class=\"site-footer\">\n<div class=\"wrap\">\n<div class=\"container\">\n<div class=\"elementor elementor-6809\" data-elementor-type=\"wp-post\" data-elementor-id=\"6809\" data-elementor-post-type=\"footer\">\n<section class=\"elementor-section elementor-top-section elementor-element elementor-element-9d7fa33 elementor-section-stretched elementor-section-content-middle elementor-section-boxed elementor-section-height-default elementor-section-height-default\" data-id=\"9d7fa33\" data-element_type=\"section\" data-settings=\"{&quot;stretch_section&quot;:&quot;section-stretched&quot;,&quot;background_background&quot;:&quot;classic&quot;}\">\n<div class=\"elementor-container elementor-column-gap-no\">\n<div class=\"elementor-column elementor-col-100 elementor-top-column elementor-element elementor-element-b21b457\" data-id=\"b21b457\" data-element_type=\"column\">\n<div class=\"elementor-widget-wrap elementor-element-populated\">\n<div class=\"elementor-element elementor-element-749d031 elementor-widget-divider--view-line elementor-widget elementor-widget-divider\" data-id=\"749d031\" data-element_type=\"widget\" data-widget_type=\"divider.default\">\n<div class=\"elementor-widget-container\">\n<div class=\"elementor-divider\"><\/div>\n<\/div>\n<\/div>\n<\/div>\n<\/div>\n<\/div>\n<\/section>\n<\/div>\n<\/div>\n<\/div>\n<\/footer>\n\t\t\t\t\t\t\t\t<\/div>\n\t\t\t\t<\/div>\n\t\t\t\t\t<\/div>\n\t\t<\/div>\n\t\t\t\t\t<\/div>\n\t\t<\/section>\n\t\t\t\t\t<\/div>\n\t\t<\/div>\n\t\t\t\t\t<\/div>\n\t\t<\/section>\n\t\t\t\t<\/div>\n\t\t","protected":false},"excerpt":{"rendered":"<p>How to use the table and filters above You find prices and all the details for the homes in the list on the right. From this list you can click on each individual home and see floor plants and all details for that specific home. If you want to view a specific home, you can [&hellip;]<\/p>\n","protected":false},"author":6,"featured_media":0,"parent":0,"menu_order":0,"comment_status":"closed","ping_status":"closed","template":"","meta":{"inline_featured_image":false,"footnotes":""},"class_list":["post-7614","page","type-page","status-publish","hentry"],"yoast_head":"<!-- This site is optimized with the Yoast SEO plugin v27.4 - https:\/\/yoast.com\/product\/yoast-seo-wordpress\/ -->\n<title>Rental prices - Kobbelv\u00e6nget<\/title>\n<meta name=\"robots\" content=\"index, follow, max-snippet:-1, max-image-preview:large, max-video-preview:-1\" \/>\n<link rel=\"canonical\" href=\"https:\/\/kobbel2.web07.tigermedia.eu\/boligvaelger\/\" \/>\n<meta property=\"og:locale\" content=\"en_US\" \/>\n<meta property=\"og:type\" content=\"article\" \/>\n<meta property=\"og:title\" content=\"Rental prices - Kobbelv\u00e6nget\" \/>\n<meta property=\"og:description\" content=\"How to use the table and filters above You find prices and all the details for the homes in the list on the right. From this list you can click on each individual home and see floor plants and all details for that specific home. If you want to view a specific home, you can [&hellip;]\" \/>\n<meta property=\"og:url\" content=\"https:\/\/kobbel2.web07.tigermedia.eu\/boligvaelger\/\" \/>\n<meta property=\"og:site_name\" content=\"Kobbelv\u00e6nget\" \/>\n<meta property=\"article:modified_time\" content=\"2024-10-14T09:13:32+00:00\" \/>\n<meta name=\"twitter:card\" content=\"summary_large_image\" \/>\n<meta name=\"twitter:label1\" content=\"Est. reading time\" \/>\n\t<meta name=\"twitter:data1\" content=\"1 minute\" \/>\n<script type=\"application\/ld+json\" class=\"yoast-schema-graph\">{\"@context\":\"https:\\\/\\\/schema.org\",\"@graph\":[{\"@type\":\"WebPage\",\"@id\":\"https:\\\/\\\/kobbel2.web07.tigermedia.eu\\\/boligvaelger\\\/\",\"url\":\"https:\\\/\\\/kobbel2.web07.tigermedia.eu\\\/boligvaelger\\\/\",\"name\":\"Rental prices - Kobbelv\u00e6nget\",\"isPartOf\":{\"@id\":\"https:\\\/\\\/xn--kobbelvnget-g9a.dk\\\/#website\"},\"datePublished\":\"2022-11-04T09:26:48+00:00\",\"dateModified\":\"2024-10-14T09:13:32+00:00\",\"breadcrumb\":{\"@id\":\"https:\\\/\\\/kobbel2.web07.tigermedia.eu\\\/boligvaelger\\\/#breadcrumb\"},\"inLanguage\":\"en-US\",\"potentialAction\":[{\"@type\":\"ReadAction\",\"target\":[\"https:\\\/\\\/kobbel2.web07.tigermedia.eu\\\/boligvaelger\\\/\"]}]},{\"@type\":\"BreadcrumbList\",\"@id\":\"https:\\\/\\\/kobbel2.web07.tigermedia.eu\\\/boligvaelger\\\/#breadcrumb\",\"itemListElement\":[{\"@type\":\"ListItem\",\"position\":1,\"name\":\"Home\",\"item\":\"https:\\\/\\\/xn--kobbelvnget-g9a.dk\\\/\"},{\"@type\":\"ListItem\",\"position\":2,\"name\":\"Rental prices\"}]},{\"@type\":\"WebSite\",\"@id\":\"https:\\\/\\\/xn--kobbelvnget-g9a.dk\\\/#website\",\"url\":\"https:\\\/\\\/xn--kobbelvnget-g9a.dk\\\/\",\"name\":\"Kobbelv\u00e6nget\",\"description\":\"Br\u00f8nsh\u00f8j rental housing\",\"potentialAction\":[{\"@type\":\"SearchAction\",\"target\":{\"@type\":\"EntryPoint\",\"urlTemplate\":\"https:\\\/\\\/xn--kobbelvnget-g9a.dk\\\/?s={search_term_string}\"},\"query-input\":{\"@type\":\"PropertyValueSpecification\",\"valueRequired\":true,\"valueName\":\"search_term_string\"}}],\"inLanguage\":\"en-US\"}]}<\/script>\n<!-- \/ Yoast SEO plugin. -->","yoast_head_json":{"title":"Rental prices - Kobbelv\u00e6nget","robots":{"index":"index","follow":"follow","max-snippet":"max-snippet:-1","max-image-preview":"max-image-preview:large","max-video-preview":"max-video-preview:-1"},"canonical":"https:\/\/kobbel2.web07.tigermedia.eu\/boligvaelger\/","og_locale":"en_US","og_type":"article","og_title":"Rental prices - Kobbelv\u00e6nget","og_description":"How to use the table and filters above You find prices and all the details for the homes in the list on the right. From this list you can click on each individual home and see floor plants and all details for that specific home. If you want to view a specific home, you can [&hellip;]","og_url":"https:\/\/kobbel2.web07.tigermedia.eu\/boligvaelger\/","og_site_name":"Kobbelv\u00e6nget","article_modified_time":"2024-10-14T09:13:32+00:00","twitter_card":"summary_large_image","twitter_misc":{"Est. reading time":"1 minute"},"schema":{"@context":"https:\/\/schema.org","@graph":[{"@type":"WebPage","@id":"https:\/\/kobbel2.web07.tigermedia.eu\/boligvaelger\/","url":"https:\/\/kobbel2.web07.tigermedia.eu\/boligvaelger\/","name":"Rental prices - Kobbelv\u00e6nget","isPartOf":{"@id":"https:\/\/xn--kobbelvnget-g9a.dk\/#website"},"datePublished":"2022-11-04T09:26:48+00:00","dateModified":"2024-10-14T09:13:32+00:00","breadcrumb":{"@id":"https:\/\/kobbel2.web07.tigermedia.eu\/boligvaelger\/#breadcrumb"},"inLanguage":"en-US","potentialAction":[{"@type":"ReadAction","target":["https:\/\/kobbel2.web07.tigermedia.eu\/boligvaelger\/"]}]},{"@type":"BreadcrumbList","@id":"https:\/\/kobbel2.web07.tigermedia.eu\/boligvaelger\/#breadcrumb","itemListElement":[{"@type":"ListItem","position":1,"name":"Home","item":"https:\/\/xn--kobbelvnget-g9a.dk\/"},{"@type":"ListItem","position":2,"name":"Rental prices"}]},{"@type":"WebSite","@id":"https:\/\/xn--kobbelvnget-g9a.dk\/#website","url":"https:\/\/xn--kobbelvnget-g9a.dk\/","name":"Kobbelv\u00e6nget","description":"Br\u00f8nsh\u00f8j rental housing","potentialAction":[{"@type":"SearchAction","target":{"@type":"EntryPoint","urlTemplate":"https:\/\/xn--kobbelvnget-g9a.dk\/?s={search_term_string}"},"query-input":{"@type":"PropertyValueSpecification","valueRequired":true,"valueName":"search_term_string"}}],"inLanguage":"en-US"}]}},"_links":{"self":[{"href":"https:\/\/xn--kobbelvnget-g9a.dk\/en\/wp-json\/wp\/v2\/pages\/7614","targetHints":{"allow":["GET"]}}],"collection":[{"href":"https:\/\/xn--kobbelvnget-g9a.dk\/en\/wp-json\/wp\/v2\/pages"}],"about":[{"href":"https:\/\/xn--kobbelvnget-g9a.dk\/en\/wp-json\/wp\/v2\/types\/page"}],"author":[{"embeddable":true,"href":"https:\/\/xn--kobbelvnget-g9a.dk\/en\/wp-json\/wp\/v2\/users\/6"}],"replies":[{"embeddable":true,"href":"https:\/\/xn--kobbelvnget-g9a.dk\/en\/wp-json\/wp\/v2\/comments?post=7614"}],"version-history":[{"count":4,"href":"https:\/\/xn--kobbelvnget-g9a.dk\/en\/wp-json\/wp\/v2\/pages\/7614\/revisions"}],"predecessor-version":[{"id":7809,"href":"https:\/\/xn--kobbelvnget-g9a.dk\/en\/wp-json\/wp\/v2\/pages\/7614\/revisions\/7809"}],"wp:attachment":[{"href":"https:\/\/xn--kobbelvnget-g9a.dk\/en\/wp-json\/wp\/v2\/media?parent=7614"}],"curies":[{"name":"wp","href":"https:\/\/api.w.org\/{rel}","templated":true}]}}