{"id":6949,"date":"2022-11-04T09:27:52","date_gmt":"2022-11-04T09:27:52","guid":{"rendered":"https:\/\/xn--kobbelvnget-g9a.dk\/brochure\/"},"modified":"2024-10-15T11:09:41","modified_gmt":"2024-10-15T11:09:41","slug":"brochure","status":"publish","type":"page","link":"https:\/\/xn--kobbelvnget-g9a.dk\/en\/brochure\/","title":{"rendered":"Brochure"},"content":{"rendered":"\t\t<div data-elementor-type=\"wp-post\" data-elementor-id=\"6949\" class=\"elementor elementor-6949 elementor-5223\" data-elementor-post-type=\"page\">\n\t\t\t\t\t\t<section class=\"elementor-section elementor-top-section elementor-element elementor-element-b4210ee elementor-section-stretched elementor-section-full_width elementor-section-height-default elementor-section-height-default\" data-id=\"b4210ee\" data-element_type=\"section\" data-e-type=\"section\" data-settings=\"{&quot;stretch_section&quot;:&quot;section-stretched&quot;,&quot;background_background&quot;:&quot;classic&quot;}\">\n\t\t\t\t\t\t<div class=\"elementor-container elementor-column-gap-default\">\n\t\t\t\t\t<div class=\"elementor-column elementor-col-100 elementor-top-column elementor-element elementor-element-1864acf\" data-id=\"1864acf\" data-element_type=\"column\" data-e-type=\"column\">\n\t\t\t<div class=\"elementor-widget-wrap elementor-element-populated\">\n\t\t\t\t\t\t<div class=\"elementor-element elementor-element-e10194d elementor-widget elementor-widget-shortcode\" data-id=\"e10194d\" data-element_type=\"widget\" data-e-type=\"widget\" data-widget_type=\"shortcode.default\">\n\t\t\t\t<div class=\"elementor-widget-container\">\n\t\t\t\t\t\t\t<div class=\"elementor-shortcode\">\n<!-- iframe plugin v.6.0 wordpress.org\/plugins\/iframe\/ -->\n<iframe src=\"https:\/\/indd.adobe.com\/view\/1d448e6c-2093-4b53-9802-cd5f029a75a1\" width=\"100%\" height=\"1000\" scrolling=\"yes\" class=\"iframe-class\" frameborder=\"0\"><\/iframe>\n<\/div>\n\t\t\t\t\t\t<\/div>\n\t\t\t\t<\/div>\n\t\t\t\t<div class=\"elementor-element elementor-element-2583745 elementor-hidden-tablet elementor-hidden-mobile elementor-hidden-desktop elementor-widget elementor-widget-shortcode\" data-id=\"2583745\" data-element_type=\"widget\" data-e-type=\"widget\" data-widget_type=\"shortcode.default\">\n\t\t\t\t<div class=\"elementor-widget-container\">\n\t\t\t\t\t\t\t<div class=\"elementor-shortcode\">\n<!-- iframe plugin v.6.0 wordpress.org\/plugins\/iframe\/ -->\n<iframe src=\"https:\/\/indd.adobe.com\/view\/1d448e6c-2093-4b53-9802-cd5f029a75a1\" width=\"100%\" height=\"1000\" scrolling=\"yes\" class=\"iframe-class\" frameborder=\"0\"><\/iframe>\n<\/div>\n\t\t\t\t\t\t<\/div>\n\t\t\t\t<\/div>\n\t\t\t\t<div class=\"elementor-element elementor-element-24746ab elementor-hidden-desktop elementor-hidden-tablet elementor-hidden-mobile elementor-widget elementor-widget-shortcode\" data-id=\"24746ab\" data-element_type=\"widget\" data-e-type=\"widget\" data-widget_type=\"shortcode.default\">\n\t\t\t\t<div class=\"elementor-widget-container\">\n\t\t\t\t\t\t\t<div class=\"elementor-shortcode\">\n<!-- iframe plugin v.6.0 wordpress.org\/plugins\/iframe\/ -->\n<iframe src=\"https:\/\/indd.adobe.com\/view\/1d448e6c-2093-4b53-9802-cd5f029a75a1\" width=\"100%\" height=\"500\" scrolling=\"yes\" class=\"iframe-class\" frameborder=\"0\"><\/iframe>\n<\/div>\n\t\t\t\t\t\t<\/div>\n\t\t\t\t<\/div>\n\t\t\t\t\t<\/div>\n\t\t<\/div>\n\t\t\t\t\t<\/div>\n\t\t<\/section>\n\t\t\t\t<\/div>\n\t\t","protected":false},"excerpt":{"rendered":"","protected":false},"author":6,"featured_media":0,"parent":0,"menu_order":0,"comment_status":"closed","ping_status":"closed","template":"","meta":{"inline_featured_image":false,"footnotes":""},"class_list":["post-6949","page","type-page","status-publish","hentry"],"yoast_head":"<!-- This site is optimized with the Yoast SEO plugin v27.4 - https:\/\/yoast.com\/product\/yoast-seo-wordpress\/ -->\n<title>Brochure - Kobbelv\u00e6nget<\/title>\n<meta name=\"robots\" content=\"index, follow, max-snippet:-1, max-image-preview:large, max-video-preview:-1\" \/>\n<link rel=\"canonical\" href=\"https:\/\/kobbel2.web07.tigermedia.eu\/brochure\/\" \/>\n<meta property=\"og:locale\" content=\"en_US\" \/>\n<meta property=\"og:type\" content=\"article\" \/>\n<meta property=\"og:title\" content=\"Brochure - Kobbelv\u00e6nget\" \/>\n<meta property=\"og:url\" content=\"https:\/\/kobbel2.web07.tigermedia.eu\/brochure\/\" \/>\n<meta property=\"og:site_name\" content=\"Kobbelv\u00e6nget\" \/>\n<meta property=\"article:modified_time\" content=\"2024-10-15T11:09:41+00:00\" \/>\n<meta name=\"twitter:card\" content=\"summary_large_image\" \/>\n<script type=\"application\/ld+json\" class=\"yoast-schema-graph\">{\"@context\":\"https:\\\/\\\/schema.org\",\"@graph\":[{\"@type\":\"WebPage\",\"@id\":\"https:\\\/\\\/kobbel2.web07.tigermedia.eu\\\/brochure\\\/\",\"url\":\"https:\\\/\\\/kobbel2.web07.tigermedia.eu\\\/brochure\\\/\",\"name\":\"Brochure - Kobbelv\u00e6nget\",\"isPartOf\":{\"@id\":\"https:\\\/\\\/xn--kobbelvnget-g9a.dk\\\/#website\"},\"datePublished\":\"2022-11-04T09:27:52+00:00\",\"dateModified\":\"2024-10-15T11:09:41+00:00\",\"breadcrumb\":{\"@id\":\"https:\\\/\\\/kobbel2.web07.tigermedia.eu\\\/brochure\\\/#breadcrumb\"},\"inLanguage\":\"en-US\",\"potentialAction\":[{\"@type\":\"ReadAction\",\"target\":[\"https:\\\/\\\/kobbel2.web07.tigermedia.eu\\\/brochure\\\/\"]}]},{\"@type\":\"BreadcrumbList\",\"@id\":\"https:\\\/\\\/kobbel2.web07.tigermedia.eu\\\/brochure\\\/#breadcrumb\",\"itemListElement\":[{\"@type\":\"ListItem\",\"position\":1,\"name\":\"Home\",\"item\":\"https:\\\/\\\/xn--kobbelvnget-g9a.dk\\\/\"},{\"@type\":\"ListItem\",\"position\":2,\"name\":\"Brochure\"}]},{\"@type\":\"WebSite\",\"@id\":\"https:\\\/\\\/xn--kobbelvnget-g9a.dk\\\/#website\",\"url\":\"https:\\\/\\\/xn--kobbelvnget-g9a.dk\\\/\",\"name\":\"Kobbelv\u00e6nget\",\"description\":\"Br\u00f8nsh\u00f8j rental housing\",\"potentialAction\":[{\"@type\":\"SearchAction\",\"target\":{\"@type\":\"EntryPoint\",\"urlTemplate\":\"https:\\\/\\\/xn--kobbelvnget-g9a.dk\\\/?s={search_term_string}\"},\"query-input\":{\"@type\":\"PropertyValueSpecification\",\"valueRequired\":true,\"valueName\":\"search_term_string\"}}],\"inLanguage\":\"en-US\"}]}<\/script>\n<!-- \/ Yoast SEO plugin. -->","yoast_head_json":{"title":"Brochure - Kobbelv\u00e6nget","robots":{"index":"index","follow":"follow","max-snippet":"max-snippet:-1","max-image-preview":"max-image-preview:large","max-video-preview":"max-video-preview:-1"},"canonical":"https:\/\/kobbel2.web07.tigermedia.eu\/brochure\/","og_locale":"en_US","og_type":"article","og_title":"Brochure - Kobbelv\u00e6nget","og_url":"https:\/\/kobbel2.web07.tigermedia.eu\/brochure\/","og_site_name":"Kobbelv\u00e6nget","article_modified_time":"2024-10-15T11:09:41+00:00","twitter_card":"summary_large_image","schema":{"@context":"https:\/\/schema.org","@graph":[{"@type":"WebPage","@id":"https:\/\/kobbel2.web07.tigermedia.eu\/brochure\/","url":"https:\/\/kobbel2.web07.tigermedia.eu\/brochure\/","name":"Brochure - Kobbelv\u00e6nget","isPartOf":{"@id":"https:\/\/xn--kobbelvnget-g9a.dk\/#website"},"datePublished":"2022-11-04T09:27:52+00:00","dateModified":"2024-10-15T11:09:41+00:00","breadcrumb":{"@id":"https:\/\/kobbel2.web07.tigermedia.eu\/brochure\/#breadcrumb"},"inLanguage":"en-US","potentialAction":[{"@type":"ReadAction","target":["https:\/\/kobbel2.web07.tigermedia.eu\/brochure\/"]}]},{"@type":"BreadcrumbList","@id":"https:\/\/kobbel2.web07.tigermedia.eu\/brochure\/#breadcrumb","itemListElement":[{"@type":"ListItem","position":1,"name":"Home","item":"https:\/\/xn--kobbelvnget-g9a.dk\/"},{"@type":"ListItem","position":2,"name":"Brochure"}]},{"@type":"WebSite","@id":"https:\/\/xn--kobbelvnget-g9a.dk\/#website","url":"https:\/\/xn--kobbelvnget-g9a.dk\/","name":"Kobbelv\u00e6nget","description":"Br\u00f8nsh\u00f8j rental housing","potentialAction":[{"@type":"SearchAction","target":{"@type":"EntryPoint","urlTemplate":"https:\/\/xn--kobbelvnget-g9a.dk\/?s={search_term_string}"},"query-input":{"@type":"PropertyValueSpecification","valueRequired":true,"valueName":"search_term_string"}}],"inLanguage":"en-US"}]}},"_links":{"self":[{"href":"https:\/\/xn--kobbelvnget-g9a.dk\/en\/wp-json\/wp\/v2\/pages\/6949","targetHints":{"allow":["GET"]}}],"collection":[{"href":"https:\/\/xn--kobbelvnget-g9a.dk\/en\/wp-json\/wp\/v2\/pages"}],"about":[{"href":"https:\/\/xn--kobbelvnget-g9a.dk\/en\/wp-json\/wp\/v2\/types\/page"}],"author":[{"embeddable":true,"href":"https:\/\/xn--kobbelvnget-g9a.dk\/en\/wp-json\/wp\/v2\/users\/6"}],"replies":[{"embeddable":true,"href":"https:\/\/xn--kobbelvnget-g9a.dk\/en\/wp-json\/wp\/v2\/comments?post=6949"}],"version-history":[{"count":9,"href":"https:\/\/xn--kobbelvnget-g9a.dk\/en\/wp-json\/wp\/v2\/pages\/6949\/revisions"}],"predecessor-version":[{"id":7929,"href":"https:\/\/xn--kobbelvnget-g9a.dk\/en\/wp-json\/wp\/v2\/pages\/6949\/revisions\/7929"}],"wp:attachment":[{"href":"https:\/\/xn--kobbelvnget-g9a.dk\/en\/wp-json\/wp\/v2\/media?parent=6949"}],"curies":[{"name":"wp","href":"https:\/\/api.w.org\/{rel}","templated":true}]}}